{"id":10,"date":"2018-11-21T21:29:04","date_gmt":"2018-11-21T21:29:04","guid":{"rendered":"https:\/\/gppg.prs.hr\/?page_id=10"},"modified":"2018-12-15T19:30:24","modified_gmt":"2018-12-15T19:30:24","slug":"o-nama","status":"publish","type":"page","link":"https:\/\/gppg.prs.hr\/?page_id=10","title":{"rendered":"O nama"},"content":{"rendered":"<div class=\"nicepage-container\"><div class=\"\" style=\"\" >        <script>\n            (function ($) {\n                var ResponsiveCms = window.ResponsiveCms;\n                if (!ResponsiveCms) {\n                    return;\n                }\n                ResponsiveCms.contentDom = $('script:last').parent();\n                ResponsiveCms.prevMode = \"XL\";\n\n                if (typeof ResponsiveCms.recalcClasses === 'function') {\n                    ResponsiveCms.recalcClasses();\n                }\n            })(jQuery);\n        <\/script>\n        \n    <section class=\"u-clearfix u-section-1\" id=\"sec-3932\"><div class=\"u-clearfix u-sheet u-sheet-1\">\n            <div class=\"u-clearfix u-expanded-width u-layout-wrap u-layout-wrap-1\">\n                <div class=\"u-gutter-0 u-layout\">\n                    <div class=\"u-layout-col\">\n                        <div class=\"u-container-style u-gradient u-layout-cell u-left-cell u-right-cell u-size-30 u-layout-cell-1\">\n                            <div class=\"u-container-layout u-container-layout-1\">\n                                <p class=\"u-text u-text-1\"><b>Pravobraniteljica za\nravnopravnost spolova<\/b>&nbsp;<br>Pravobraniteljica za ravnopravnost spolova je neovisno i samostalno tijelo za suzbijanje diskriminacije u podru\u010dju ravnopravnosti spolova. Pravobraniteljici se gra\u0111ani\/ke mogu obratiti ako smatraju da su do\u017eivjeli diskriminaciju\n                                    temeljem spola i bra\u010dnog ili obiteljskog statusa te spolne orijentacije i rodnog identiteta. Pravobraniteljica prati provo\u0111enje Zakona o ravnopravnosti spolova i drugih propisa koji se ti\u010du ravnopravnosti spolova. O\n                                    svom radu svake godine izvje\u0161tava Hrvatski sabor.<br><br>Na \u010delu neovisnog tijela za suzbijanje diskriminacije u podru\u010dju ravnopravnosti spolova nalazi se Vi\u0161nja Ljubi\u010di\u0107, dipl.iur. koju je na mjesto pravobraniteljice\n                                    za ravnopravnost spolova imenovao Hrvatski sabor 28. listopada 2011. godine.&nbsp; &nbsp;&nbsp;<br><br>Vi\u0161e informacija mo\u017eete prona\u0107i na web stranici: <a href=\"http:\/\/www.prs.hr\" target=\"_blank\">www.prs.hr<\/a>.&nbsp;\n                                    &nbsp;&nbsp;<br><br><b>Nadle\u017enosti\nPravobraniteljice za ravnopravnost spolova<\/b>&nbsp;<br>Pravobraniteljica postupa po pritu\u017ebama na diskriminaciju temeljem spola, bra\u010dnog ili obiteljskog statusa i spolne orijentacije.&nbsp;<br>Pravobranitelj\/ica djeluje neovisno i samostalno, prati provo\u0111enje\n                                    Zakona o ravnopravnosti spolova i drugih propisa koji se ti\u010du ravnopravnosti spolova. Najmanje jednom godi\u0161nje izvje\u0161\u0107uje Hrvatski sabor.&nbsp; &nbsp;&nbsp;<br><br>Pravobranitelj\/ica za ravnopravnost spolova razmatra\n                                    slu\u010dajeve kr\u0161enja na\u010dela ravnopravnosti spolova, slu\u010dajeve diskriminacije prema pojedincima\/kama ili grupama pojedinaca ili pojedinki koju su po\u010dinila tijela dr\u017eavne uprave, jedinica tijela lokalne i podru\u010dne (regionalne)\n                                    samouprave i druga tijela s javnim ovlastima, zaposleni u tim tijelima i druge pravne i fizi\u010dke osobe.&nbsp; &nbsp;&nbsp;<br><br>U obavljanju poslova iz svoga djelokruga pravobranitelj\/ica je ovla\u0161ten\/a upozoravati,\n                                    predlagati i davati preporuke. Gore navedena tijela du\u017ena su pisanim putem obavijestiti pravobranitelja\/icu o mjerama i radnjama poduzetim u skladu s upozorenjima, prijedlozima i preporukama najkasnije u roku od 30\n                                    dana od dana primitka istih.&nbsp; &nbsp;&nbsp;<br><br>U slu\u010daju neudovoljavanja zahtjeva, ili u slu\u010daju nedostavljanja tra\u017eenih obavijesti u propisanom roku, pravobranitelj\/ica mo\u017ee tra\u017eiti provo\u0111enje nadzora od tijela\n                                    koje obavlja nadzor nad njihovim radom.&nbsp; &nbsp;&nbsp;<br><br>Ako u obavljanju poslova pravobranitelj\/ica sazna za povredu odredbi Zakona o ravnopravnosti spolova s obilje\u017ejima kaznenog djela podnijet \u0107e prijavu\n                                    nadle\u017enom dr\u017eavnom odvjetni\u0161tvu.&nbsp; &nbsp;&nbsp;<br><br>Ako ocijeni da je povrije\u0111eno na\u010delo ravnopravnosti spolova, pravobranitelj\/ica ima pravo podnijeti prijedlog za pokretanje postupka ocjene ustavnosti zakona,\n                                    odnosno ustavnosti i zakonitosti drugih propisa.&nbsp; &nbsp; &nbsp; &nbsp;<br><br><b>Kako se obratiti?<\/b>&nbsp;<br>Pravobraniteljici za ravnopravnost spolova mogu se obratiti sve osobe koje \u017eele upozoriti na slu\u010daj\n                                    diskriminacije ili kr\u0161enja prava na osnovi spola, spolne orijentacije, bra\u010dnog ili obiteljskog statusa bez obzira da li su izravno o\u0161te\u0107eni\/e.&nbsp;<br>Pravobraniteljici se mo\u017eete obratiti;&nbsp;<br>pisanim putem na\n                                    adresu: Pravobraniteljica za ravnopravnost spolova, Preobra\u017eenska 4\/I, 10000 Zagreb,&nbsp;<br>usmeno - telefonom na broj (01) 48 48 100,&nbsp;<br>elektronskom po\u0161tom na ravnopravnost(at)prs.hr&nbsp; &nbsp;&nbsp;<br><br>U\n                                    slu\u010daju da prijavljujete u ime druge osobe, pravobraniteljica \u0107e u kontaktu s tom osobom zatra\u017eiti njezinu suglasnost za postupanje. U slu\u010daju da se ta osoba izrijekom protivi, pravobraniteljica ne\u0107e postupati po Va\u0161oj\n                                    prijavi.&nbsp; &nbsp;&nbsp;<br><br>Pravobraniteljici za ravnopravnost spolova mo\u017eete se obratiti i anonimno s time da je u tom slu\u010daju postupak utvr\u0111ivanja \u010dinjenica bitno ote\u017ean.&nbsp;<br>Postupanje pravobraniteljice\n                                    po Va\u0161oj pritu\u017ebi za Vas je BESPLATNO.&nbsp; &nbsp; &nbsp; &nbsp;<br><br><b>KONTAKT<\/b>&nbsp;<br>Pravobraniteljica za ravnopravnost spolova&nbsp;<br>Preobra\u017eenska 4\/1 10000 Zagreb<br>&nbsp; &nbsp; &nbsp; &nbsp;&nbsp;<br>tel:\n                                    (0)1 48 48 100<br>fax: (0)1 48 44 600<br>&nbsp; &nbsp;&nbsp;<br>e-mail: ravnopravnost(at)prs.hr<br>web: <a href=\"http:\/\/www.prs.hr\" target=\"_blank\">www.prs.hr<\/a><br><br>Jednaka prava - jednake pla\u0107e - jednake mirovine\u201d\n                                    - \u0160irenje opsega implementacije akcija i zakonskih standarda rodne ravnopravnosti s ciljem dostizanja rodne ravnopravnosti i sprje\u010davanja siroma\u0161tva u Hrvatskoj (REC-RGEN-PENS-AG-2017-820696-GPPG): equal-rpp(at)prs.hr<br><br><br><\/p>\n                            <\/div>\n                        <\/div>\n                        <div class=\"u-align-center u-container-style u-grey-10 u-layout-cell u-left-cell u-right-cell u-size-30 u-layout-cell-2\">\n                            <div class=\"u-container-layout u-valign-middle u-container-layout-2\">\n                                <img decoding=\"async\" class=\"u-image u-image-contain u-image-1\" src=\"https:\/\/gppg.prs.hr\/wp-content\/uploads\/2018\/11\/prs.jpg\" data-image-width=\"1890\" data-image-height=\"1028\"><\/div>\n                        <\/div>\n                    <\/div>\n                <\/div>\n            <\/div>\n        <\/div><\/section>\n<\/div><\/div>","protected":false},"excerpt":{"rendered":"<p>Pravobraniteljica za ravnopravnost spolova&nbsp;Pravobraniteljica za ravnopravnost spolova je neovisno i samostalno tijelo za suzbijanje diskriminacije u podru\u010dju ravnopravnosti spolova. Pravobraniteljici se gra\u0111ani\/ke mogu obratiti ako smatraju da su do\u017eivjeli diskriminaciju temeljem spola i bra\u010dnog ili obiteljskog statusa te spolne orijentacije i rodnog identiteta. Pravobraniteljica prati provo\u0111enje Zakona o ravnopravnosti spolova i drugih propisa koji se &hellip; <a href=\"https:\/\/gppg.prs.hr\/?page_id=10\" class=\"more-link\">Continue reading<span class=\"screen-reader-text\"> &#8220;O nama&#8221;<\/span><\/a><\/p>\n","protected":false},"author":2,"featured_media":0,"parent":0,"menu_order":1,"comment_status":"closed","ping_status":"closed","template":"","meta":{"footnotes":""},"class_list":["post-10","page","type-page","status-publish","hentry"],"_links":{"self":[{"href":"https:\/\/gppg.prs.hr\/index.php?rest_route=\/wp\/v2\/pages\/10","targetHints":{"allow":["GET"]}}],"collection":[{"href":"https:\/\/gppg.prs.hr\/index.php?rest_route=\/wp\/v2\/pages"}],"about":[{"href":"https:\/\/gppg.prs.hr\/index.php?rest_route=\/wp\/v2\/types\/page"}],"author":[{"embeddable":true,"href":"https:\/\/gppg.prs.hr\/index.php?rest_route=\/wp\/v2\/users\/2"}],"replies":[{"embeddable":true,"href":"https:\/\/gppg.prs.hr\/index.php?rest_route=%2Fwp%2Fv2%2Fcomments&post=10"}],"version-history":[{"count":1,"href":"https:\/\/gppg.prs.hr\/index.php?rest_route=\/wp\/v2\/pages\/10\/revisions"}],"predecessor-version":[{"id":2306,"href":"https:\/\/gppg.prs.hr\/index.php?rest_route=\/wp\/v2\/pages\/10\/revisions\/2306"}],"wp:attachment":[{"href":"https:\/\/gppg.prs.hr\/index.php?rest_route=%2Fwp%2Fv2%2Fmedia&parent=10"}],"curies":[{"name":"wp","href":"https:\/\/api.w.org\/{rel}","templated":true}]}}