{"id":1032,"date":"2018-12-02T02:14:29","date_gmt":"2018-12-02T02:14:29","guid":{"rendered":"https:\/\/gppg.prs.hr\/?page_id=1032"},"modified":"2018-12-15T18:37:53","modified_gmt":"2018-12-15T18:37:53","slug":"1032-2","status":"publish","type":"page","link":"https:\/\/gppg.prs.hr\/?page_id=1032","title":{"rendered":"Osnovne informacije"},"content":{"rendered":"<div class=\"nicepage-container\"><div class=\"\" style=\"\" >        <script>\n            (function ($) {\n                var ResponsiveCms = window.ResponsiveCms;\n                if (!ResponsiveCms) {\n                    return;\n                }\n                ResponsiveCms.contentDom = $('script:last').parent();\n                ResponsiveCms.prevMode = \"XL\";\n\n                if (typeof ResponsiveCms.recalcClasses === 'function') {\n                    ResponsiveCms.recalcClasses();\n                }\n            })(jQuery);\n        <\/script>\n        \n    <section class=\"u-clearfix u-section-1\" id=\"sec-b20e\"><div class=\"u-clearfix u-sheet u-sheet-1\"><div class=\"u-clearfix u-expanded-width u-layout-wrap\"><div class=\"u-layout\">  <div class=\"u-layout-row\"><div class=\"u-container-style u-gradient u-layout-cell u-left-cell u-right-cell u-size-60 u-layout-cell-1\"><div class=\"u-container-layout u-container-layout-1\"><p class=\"u-align-justify u-text u-text-1\">Pravobraniteljica za ravnopravnost spolova nositeljica je europskog projekta <i>\u201cJednaka prava \u2013\njednake pla\u0107e \u2013 jednake mirovine\u201d \u2013 \u0160irenje opsega implementacije akcija i\nzakonskih standarda rodne ravnopravnosti s ciljem dostizanja rodne\nravnopravnosti i sprje\u010davanja siroma\u0161tva u Hrvatskoj <\/i>koji se bavi gotovo nevidljivom temom rodne nejednakosti u pla\u0107ama i mirovinama, \u0161to za posljedicu ima socijalnu i ekonomsku nesigurnost za \u017eene.<br><br>Projektom se \u017eele osigurati standardi, mjere\n                i akcije koji \u0107e pridonijeti podizanju svijesti o problemu jaza u pla\u0107ama i mirovinama izme\u0111u mu\u0161karaca i \u017eena s ciljem smanjivanja rizika siroma\u0161tva za \u017eene. Ciljana skupina su predstavnici\/e vlasti, javnih i privatnih kompanija, sindikata\n                te u\u010denici\/e srednjih \u0161kola na nacionalnoj i lokalnoj razini.<br><br>Kroz projekt \u0107emo dobiti nova znanja koja \u0107e omogu\u0107iti razumijevanje uzroka i posljedica jaza u pla\u0107ama i mirovinama, kreirat \u0107emo edukacijski program, izraditi nacionalni\n                zakonodavni okvir te organizirati nacionalne kampanje s ciljem osvje\u0161\u0107ivanja o ovoj problematici. Projekt se provodi od 1. listopada 2018. do 30. rujna 2020.&nbsp;<br><br>Partneri:&nbsp;<br>Institut za dru\u0161tvena istra\u017eivanja u Zagrebu,\n                CESI \u2013 Centar za edukaciju, savjetovanje i istra\u017eivanje, Sindikat umirovljenika Hrvatske i Institut za ravnopravnost mu\u0161karaca i \u017eena (Belgija).<br><br>Dr\u017eavna tijela koja daju potporu:&nbsp;<br>Ministarstvo rada i mirovinskog sustava,\n                Ministarstvo znanosti i obrazovanja, Ministarstvo uprave i Dr\u017eavni zavod za statistiku.<br><br>Ukupna vrijednost projekta: \u20ac468,510.20 &nbsp; &nbsp; &nbsp; &nbsp; &nbsp;\n                <b>&nbsp;<\/b><br><br><br><\/p><\/div><\/div>  <\/div><\/div><\/div>\n            \n        <\/div><\/section>\n<\/div><\/div>","protected":false},"excerpt":{"rendered":"<p>Pravobraniteljica za ravnopravnost spolova nositeljica je europskog projekta \u201cJednaka prava \u2013 jednake pla\u0107e \u2013 jednake mirovine\u201d \u2013 \u0160irenje opsega implementacije akcija i zakonskih standarda rodne ravnopravnosti s ciljem dostizanja rodne ravnopravnosti i sprje\u010davanja siroma\u0161tva u Hrvatskoj koji se bavi gotovo nevidljivom temom rodne nejednakosti u pla\u0107ama i mirovinama, \u0161to za posljedicu ima socijalnu i ekonomsku &hellip; <a href=\"https:\/\/gppg.prs.hr\/?page_id=1032\" class=\"more-link\">Continue reading<span class=\"screen-reader-text\"> &#8220;Osnovne informacije&#8221;<\/span><\/a><\/p>\n","protected":false},"author":2,"featured_media":0,"parent":14,"menu_order":0,"comment_status":"closed","ping_status":"closed","template":"","meta":{"footnotes":""},"class_list":["post-1032","page","type-page","status-publish","hentry"],"_links":{"self":[{"href":"https:\/\/gppg.prs.hr\/index.php?rest_route=\/wp\/v2\/pages\/1032","targetHints":{"allow":["GET"]}}],"collection":[{"href":"https:\/\/gppg.prs.hr\/index.php?rest_route=\/wp\/v2\/pages"}],"about":[{"href":"https:\/\/gppg.prs.hr\/index.php?rest_route=\/wp\/v2\/types\/page"}],"author":[{"embeddable":true,"href":"https:\/\/gppg.prs.hr\/index.php?rest_route=\/wp\/v2\/users\/2"}],"replies":[{"embeddable":true,"href":"https:\/\/gppg.prs.hr\/index.php?rest_route=%2Fwp%2Fv2%2Fcomments&post=1032"}],"version-history":[{"count":0,"href":"https:\/\/gppg.prs.hr\/index.php?rest_route=\/wp\/v2\/pages\/1032\/revisions"}],"up":[{"embeddable":true,"href":"https:\/\/gppg.prs.hr\/index.php?rest_route=\/wp\/v2\/pages\/14"}],"wp:attachment":[{"href":"https:\/\/gppg.prs.hr\/index.php?rest_route=%2Fwp%2Fv2%2Fmedia&parent=1032"}],"curies":[{"name":"wp","href":"https:\/\/api.w.org\/{rel}","templated":true}]}}