{"id":14,"date":"2018-11-21T21:31:42","date_gmt":"2018-11-21T21:31:42","guid":{"rendered":"https:\/\/gppg.prs.hr\/?page_id=14"},"modified":"2018-12-15T18:37:00","modified_gmt":"2018-12-15T18:37:00","slug":"o-projektu","status":"publish","type":"page","link":"https:\/\/gppg.prs.hr\/?page_id=14","title":{"rendered":"O Projektu"},"content":{"rendered":"<div class=\"nicepage-container\"><div class=\"\" style=\"\" >        <script>\n            (function ($) {\n                var ResponsiveCms = window.ResponsiveCms;\n                if (!ResponsiveCms) {\n                    return;\n                }\n                ResponsiveCms.contentDom = $('script:last').parent();\n                ResponsiveCms.prevMode = \"XL\";\n\n                if (typeof ResponsiveCms.recalcClasses === 'function') {\n                    ResponsiveCms.recalcClasses();\n                }\n            })(jQuery);\n        <\/script>\n        \n    <section class=\"u-clearfix u-section-1\" id=\"sec-c876\"><div class=\"u-clearfix u-sheet u-sheet-1\">\n            <div class=\"u-clearfix u-expanded-width u-layout-wrap u-layout-wrap-1\">\n                <div class=\"u-layout\">\n                    <div class=\"u-layout-row\">\n                        <div class=\"u-container-style u-gradient u-layout-cell u-left-cell u-size-30 u-layout-cell-1\">\n                            <div class=\"u-container-layout u-container-layout-1\">\n                                <p class=\"u-text u-text-1\"><b>Projekt se provodi od 1. listopada 2018. do 30. rujna 2020.<\/b><br><br><b>Partneri:&nbsp;<\/b><br>Institut za dru\u0161tvena istra\u017eivanja u Zagrebu,<br>CESI \u2013 Centar za edukaciju, savjetovanje i istra\u017eivanje,<br>Sindikat umirovljenika&nbsp;Hrvatske,<br>Institut\n                                    za&nbsp; ravnopravnost mu\u0161karaca i \u017eena (Belgija).<br><br><b>Dr\u017eavna tijela koja daju potporu:<\/b><br>Ministarstvo rada i mirovinskog&nbsp;sustava,<br>Ministarstvo znanosti i obrazovanja,<br>Ministarstvo uprave<br>Dr\u017eavni\n                                    zavod za statistiku.&nbsp;<br><br><b>Ukupna vrijednost projekta:<\/b><br>\u20ac468,510.20<br><br><br><br><br><br><br><br><\/p>\n                            <\/div>\n                        <\/div>\n                        <div class=\"u-container-style u-gradient u-layout-cell u-right-cell u-size-30 u-layout-cell-2\">\n                            <div class=\"u-container-layout u-container-layout-2\">\n                                <p class=\"u-text u-text-2\"><b>Rezultati projekta:<\/b><br>\u2022 3 kvantitativna istra\u017eivanja<br>\u2022 4 dvodnevne edukacije<br>\u2022 2 videa<br>\u2022 2 medijske kampanje<br>\u2022 2 konferencije<br>\u2022 4 bro\u0161ure.<br><br><b>Ciljane skupine:<\/b><br>\u2022 Vlada RH, lokalna uprava,\n                                    Hrvatski sabor, politi\u010dke stranke<br>\u2022 Kompanije u privatnom i javnom sektoru<br>\u2022 Sindikati<br>\u2022 U\u010denici\/e srednjih \u0161kola.<\/p>\n                            <\/div>\n                        <\/div>\n                    <\/div>\n                <\/div>\n            <\/div>\n        <\/div><\/section>\n<\/div><\/div>","protected":false},"excerpt":{"rendered":"<p>Projekt se provodi od 1. listopada 2018. do 30. rujna 2020.Partneri:&nbsp;Institut za dru\u0161tvena istra\u017eivanja u Zagrebu,CESI \u2013 Centar za edukaciju, savjetovanje i istra\u017eivanje,Sindikat umirovljenika&nbsp;Hrvatske,Institut za&nbsp; ravnopravnost mu\u0161karaca i \u017eena (Belgija).Dr\u017eavna tijela koja daju potporu:Ministarstvo rada i mirovinskog&nbsp;sustava,Ministarstvo znanosti i obrazovanja,Ministarstvo upraveDr\u017eavni zavod za statistiku.&nbsp;Ukupna vrijednost projekta:\u20ac468,510.20 Rezultati projekta:\u2022 3 kvantitativna istra\u017eivanja\u2022 4 dvodnevne edukacije\u2022 2 &hellip; <a href=\"https:\/\/gppg.prs.hr\/?page_id=14\" class=\"more-link\">Continue reading<span class=\"screen-reader-text\"> &#8220;O Projektu&#8221;<\/span><\/a><\/p>\n","protected":false},"author":2,"featured_media":0,"parent":0,"menu_order":2,"comment_status":"closed","ping_status":"closed","template":"","meta":{"footnotes":""},"class_list":["post-14","page","type-page","status-publish","hentry"],"_links":{"self":[{"href":"https:\/\/gppg.prs.hr\/index.php?rest_route=\/wp\/v2\/pages\/14","targetHints":{"allow":["GET"]}}],"collection":[{"href":"https:\/\/gppg.prs.hr\/index.php?rest_route=\/wp\/v2\/pages"}],"about":[{"href":"https:\/\/gppg.prs.hr\/index.php?rest_route=\/wp\/v2\/types\/page"}],"author":[{"embeddable":true,"href":"https:\/\/gppg.prs.hr\/index.php?rest_route=\/wp\/v2\/users\/2"}],"replies":[{"embeddable":true,"href":"https:\/\/gppg.prs.hr\/index.php?rest_route=%2Fwp%2Fv2%2Fcomments&post=14"}],"version-history":[{"count":0,"href":"https:\/\/gppg.prs.hr\/index.php?rest_route=\/wp\/v2\/pages\/14\/revisions"}],"wp:attachment":[{"href":"https:\/\/gppg.prs.hr\/index.php?rest_route=%2Fwp%2Fv2%2Fmedia&parent=14"}],"curies":[{"name":"wp","href":"https:\/\/api.w.org\/{rel}","templated":true}]}}