{"id":1430,"date":"2018-12-06T16:06:10","date_gmt":"2018-12-06T16:06:10","guid":{"rendered":"https:\/\/gppg.prs.hr\/?page_id=1430"},"modified":"2018-12-06T16:11:59","modified_gmt":"2018-12-06T16:11:59","slug":"pravila-privatnosti","status":"publish","type":"page","link":"https:\/\/gppg.prs.hr\/?page_id=1430","title":{"rendered":"Pravila privatnosti"},"content":{"rendered":"<p><strong>Tko smo mi<\/strong><\/p>\n<p>Adresa na\u0161e web-stranice je: <a href=\"https:\/\/gppg.prs.hr\" data-mce-href=\"https:\/\/gppg.prs.hr\">https:\/\/gppg.prs.hr<\/a>.<\/p>\n<p><strong>Koje osobne podatke prikupljamo i za\u0161to<\/strong><\/p>\n<p><strong>Kontakt forme<\/strong><\/p>\n<p>Ne koristimo kontakt forme.<\/p>\n<p><strong>Kola\u010di\u0107i<\/strong><\/p>\n<p>Internet stranica koristi kola\u010di\u0107e samo u tehni\u010dke svrhe kako bi mogla ispravno funkcionirati te za pobolj\u0161anje korisni\u010dkog iskustva(odabir jezika HRV\/ENG).<\/p>\n<p><strong>Ugra\u0111eni sadr\u017eaj s drugih web-stranica<\/strong><\/p>\n<p>\u010clanci na ovoj web-stranici mogu sadr\u017eavati ugra\u0111eni sadr\u017eaj (npr. video, slike, \u010dlanke, itd.). Ugra\u0111eni sadr\u017eaj sa drugih web-stranica pona\u0161a se istovjetno kao da je posjetitelj posjetio tu drugu web-stranicu.<\/p>\n<p>Ove web-stranice mo\u017eda prikupljaju podatke o vama, koriste kola\u010di\u0107e, imaju ugra\u0111eno dodatno pra\u0107enje od tre\u0107ih strana, i nadgledaju va\u0161u interakciju s tim ugra\u0111enim sadr\u017eajem, uklju\u010duju\u0107i pra\u0107enje va\u0161e interakcije s ugra\u0111enim sadr\u017eajem ako imate ra\u010dun i prijavljeni ste na web-stranici.<\/p>\n<p><strong>Analitike<\/strong><\/p>\n<p>Ne prikupljamo Va\u0161e podatke u svrhe analitike.<\/p>\n<p><strong>S kime dijelimo va\u0161e podatke<\/strong><\/p>\n<p>Va\u0161e podatke ne prikupljamo te stoga niti dijelimo sa tre\u0107im stranama.<\/p>\n<p><strong>Koliko dugo \u010duvamo va\u0161e podatke<\/strong><\/p>\n<p>Va\u0161e podatke ne prikupljamo te stoga niti ne \u010duvamo.<\/p>\n<p><strong>Koja prava imate nad svojim podacima<\/strong><\/p>\n<p>U svakom trenutku imate pravo zatra\u017eiti informacije o Va\u0161im podatcima.<\/p>\n<p><strong>Va\u0161e kontakt informacije<\/strong><\/p>\n<p>Za sve upite vezane uz Pravila privatnosti i Za\u0161titu podataka kontaktirajte nas putem e-mail adrese: <a href=\"mailto:equal-rpp@prs.hr\" data-mce-href=\"mailto:equal-rpp@prs.hr\">equal-rpp@prs.hr<\/a>&nbsp;ili na telefon: (0)1 48 48 100<strong>.<\/strong><\/p>\n","protected":false},"excerpt":{"rendered":"<p>Tko smo mi Adresa na\u0161e web-stranice je: https:\/\/gppg.prs.hr. Koje osobne podatke prikupljamo i za\u0161to Kontakt forme Ne koristimo kontakt forme. Kola\u010di\u0107i Internet stranica koristi kola\u010di\u0107e samo u tehni\u010dke svrhe kako bi mogla ispravno funkcionirati te za pobolj\u0161anje korisni\u010dkog iskustva(odabir jezika HRV\/ENG). Ugra\u0111eni sadr\u017eaj s drugih web-stranica \u010clanci na ovoj web-stranici mogu sadr\u017eavati ugra\u0111eni sadr\u017eaj (npr. &hellip; <a href=\"https:\/\/gppg.prs.hr\/?page_id=1430\" class=\"more-link\">Continue reading<span class=\"screen-reader-text\"> &#8220;Pravila privatnosti&#8221;<\/span><\/a><\/p>\n","protected":false},"author":2,"featured_media":0,"parent":0,"menu_order":0,"comment_status":"closed","ping_status":"closed","template":"","meta":{"footnotes":""},"class_list":["post-1430","page","type-page","status-publish","hentry"],"_links":{"self":[{"href":"https:\/\/gppg.prs.hr\/index.php?rest_route=\/wp\/v2\/pages\/1430","targetHints":{"allow":["GET"]}}],"collection":[{"href":"https:\/\/gppg.prs.hr\/index.php?rest_route=\/wp\/v2\/pages"}],"about":[{"href":"https:\/\/gppg.prs.hr\/index.php?rest_route=\/wp\/v2\/types\/page"}],"author":[{"embeddable":true,"href":"https:\/\/gppg.prs.hr\/index.php?rest_route=\/wp\/v2\/users\/2"}],"replies":[{"embeddable":true,"href":"https:\/\/gppg.prs.hr\/index.php?rest_route=%2Fwp%2Fv2%2Fcomments&post=1430"}],"version-history":[{"count":0,"href":"https:\/\/gppg.prs.hr\/index.php?rest_route=\/wp\/v2\/pages\/1430\/revisions"}],"wp:attachment":[{"href":"https:\/\/gppg.prs.hr\/index.php?rest_route=%2Fwp%2Fv2%2Fmedia&parent=1430"}],"curies":[{"name":"wp","href":"https:\/\/api.w.org\/{rel}","templated":true}]}}