{"id":2129,"date":"2018-12-15T15:36:35","date_gmt":"2018-12-15T15:36:35","guid":{"rendered":"https:\/\/gppg.prs.hr\/?page_id=2129"},"modified":"2021-03-05T16:09:46","modified_gmt":"2021-03-05T16:09:46","slug":"publikacije","status":"publish","type":"page","link":"https:\/\/gppg.prs.hr\/?page_id=2129","title":{"rendered":"Publikacije"},"content":{"rendered":"\n<style>\n.u-section-1 .u-metadata-1{\ndisplay: none;\n}\ndiv.okvir{\n    float: left;\n    margin-bottom: 20px;\n    border: solid 1px #dadada;\n    padding: 10px;\n    border-radius: 4px;\n    width: 100%;\n    background-color: #ffffff;\n    position: relative;\n}\ndiv.foto {\n    width: 180px;\n    height: 255px;\n    box-shadow: 0 4px 8px 0 rgba(0, 0, 0, 0.2), 0 6px 20px 0 rgba(0, 0, 0, 0.19);\n    margin-right: 20px;\n    background-color: #ffcc00;\n    float: left;\n}\ndiv.info {\n    padding: 5px;\n    float: left;\n}\n.button_download {\n    color: #000000;\n    background-color: #A8A9AD;\n    padding: 10px;\n    border-radius: 4px;\n    font-size: 14px;\n }\n @media screen and (min-width: 768px) {\n    div.info {\n        padding: 5px;\n        float: left;\n        position: absolute;\n        left: 200px;\n        bottom: 15px;\n    }\n<\/style>\n\n<div class=\"okvir\">\n<div class=\"foto\">\n  <img decoding=\"async\" src=\"https:\/\/gppg.prs.hr\/wp-content\/uploads\/2018\/12\/letak_hr_300.png\" alt=\"\" style=\"width: 180px; height: 255px\">\n <\/div>\n\n<div class=\"info\">\nBro\u0161ura o projektu \u201cJednaka prava \u2013 jednake pla\u0107e \u2013 jednake mirovine\u201d<br><br>\n\n<a href=\"https:\/\/gppg.prs.hr\/wp-content\/uploads\/2018\/12\/letak_hr.pdf\" target=\"_blank\" rel=\"noopener noreferrer\"><span class=\"button_download\">Preuzmi publikaciju<\/span>\n<\/a>\n \n<\/div>\n<\/div>\n\n\n\n<div class=\"okvir\">\n<div class=\"foto\">\n  <img decoding=\"async\" src=\"https:\/\/gppg.prs.hr\/wp-content\/uploads\/2020\/07\/model_hr.jpg\" alt=\"\" style=\"width: 180px; height: 255px\">\n <\/div>\n\n<div class=\"info\">\nBro\u0161ura: Model kolektivnog ugovora \u2013 Rodni aspekt kolektivnog pregovaranja <br><br>\n\n<a href=\"https:\/\/gppg.prs.hr\/wp-content\/uploads\/2020\/06\/Model-of-collective-agreement_hr.pdf\" target=\"_blank\" rel=\"noopener noreferrer\"><span class=\"button_download\">Preuzmi publikaciju<\/span>\n<\/a>\n \n<\/div>\n<\/div>\n\n\n\n<div class=\"okvir\">\n<div class=\"foto\">\n  <img decoding=\"async\" src=\"https:\/\/gppg.prs.hr\/wp-content\/uploads\/2020\/07\/CESI_hr.jpg\" alt=\"\" style=\"width: 180px; height: 255px\">\n <\/div>\n\n<div class=\"info\">\nBro\u0161ura: Priru\u010dnik za edukacije o rodnom jazu u pla\u0107ama i mirovinama <br><br>\n\n<a href=\"https:\/\/gppg.prs.hr\/wp-content\/uploads\/2020\/07\/CESI-prirucnik_za_edukacija_o_rodnom_jazu_HR__web.pdf\" target=\"_blank\" rel=\"noopener noreferrer\"><span class=\"button_download\">Preuzmi publikaciju<\/span>\n<\/a>\n \n<\/div>\n<\/div>\n\n\n\n<div class=\"okvir\">\n<div class=\"foto\">\n  <img decoding=\"async\" src=\"https:\/\/gppg.prs.hr\/wp-content\/uploads\/2021\/02\/cover_cro.jpg\" alt=\"\" style=\"width: 180px; height: 255px\">\n <\/div>\n\n<div class=\"info\">\nBro\u0161ura: Smjernice nacionalnog zakonodavnog okvira za jednake pla\u0107e i mirovine u RH <br><br>\n\n<a href=\"https:\/\/gppg.prs.hr\/wp-content\/uploads\/2021\/02\/smjernice-nacionalnog-zakonodavnog-okvira-za-jednake-place-i-mirovine.pdf\" rel=\"noopener noreferrer\"><span class=\"button_download\">Preuzmi publikaciju<\/span>\n<\/a>\n \n<\/div>\n<\/div>\n\n\n\n<div class=\"okvir\">\n<div class=\"foto\">\n  <img decoding=\"async\" src=\"https:\/\/gppg.prs.hr\/wp-content\/uploads\/2021\/03\/zavrsna-studija_cover-scaled.jpg\" \nalt=\"\" style=\"width: 180px; height: 255px\">\n <\/div>\n\n<div class=\"info\">\nPublikacija: Zavr\u0161na studija o rezultatima anketnih ispitivanja <br><br>\n\n<a href=\"https:\/\/gppg.prs.hr\/wp-content\/uploads\/2021\/02\/GPPG_Zavrsna-studija-o-rezultatima-anketnih-ispitivanja_IDIZ_final-1.pdf\" rel=\"noopener noreferrer\"><span class=\"button_download\">Preuzmi publikaciju<\/span>\n<\/a>\n \n<\/div>\n<\/div>\n\n\n<div class=\"okvir\">\n<div class=\"foto\"><img decoding=\"async\" style=\"width: 180px; height: 255px;\" src=\"https:\/\/gppg.prs.hr\/wp-content\/uploads\/2021\/02\/brosura_istrazivanje_hr_naslovnica.jpg\" alt=\"\"><\/div>\n<div class=\"info\">Bro\u0161ura: Sa\u017eeti rezultati anketnih ispitivanja o rodnom jazu u pla\u0107ama i mirovinama <p><\/p>\n<p><a href=\"https:\/\/gppg.prs.hr\/wp-content\/uploads\/2021\/02\/brosura_istrazivanje_hr.pdf\">Preuzmi publikaciju <\/a><\/p>\n<\/div>\n<\/div>\n\n\n<p><\/p>\n\n\n\n<p><\/p>\n","protected":false},"excerpt":{"rendered":"<p>Bro\u0161ura o projektu \u201cJednaka prava \u2013 jednake pla\u0107e \u2013 jednake mirovine\u201d Preuzmi publikaciju Bro\u0161ura: Model kolektivnog ugovora \u2013 Rodni aspekt kolektivnog pregovaranja Preuzmi publikaciju Bro\u0161ura: Priru\u010dnik za edukacije o rodnom jazu u pla\u0107ama i mirovinama Preuzmi publikaciju Bro\u0161ura: Smjernice nacionalnog zakonodavnog okvira za jednake pla\u0107e i mirovine u RH Preuzmi publikaciju Publikacija: Zavr\u0161na studija o &hellip; <a href=\"https:\/\/gppg.prs.hr\/?page_id=2129\" class=\"more-link\">Continue reading<span class=\"screen-reader-text\"> &#8220;Publikacije&#8221;<\/span><\/a><\/p>\n","protected":false},"author":2,"featured_media":0,"parent":0,"menu_order":0,"comment_status":"closed","ping_status":"closed","template":"","meta":{"footnotes":""},"class_list":["post-2129","page","type-page","status-publish","hentry"],"_links":{"self":[{"href":"https:\/\/gppg.prs.hr\/index.php?rest_route=\/wp\/v2\/pages\/2129","targetHints":{"allow":["GET"]}}],"collection":[{"href":"https:\/\/gppg.prs.hr\/index.php?rest_route=\/wp\/v2\/pages"}],"about":[{"href":"https:\/\/gppg.prs.hr\/index.php?rest_route=\/wp\/v2\/types\/page"}],"author":[{"embeddable":true,"href":"https:\/\/gppg.prs.hr\/index.php?rest_route=\/wp\/v2\/users\/2"}],"replies":[{"embeddable":true,"href":"https:\/\/gppg.prs.hr\/index.php?rest_route=%2Fwp%2Fv2%2Fcomments&post=2129"}],"version-history":[{"count":14,"href":"https:\/\/gppg.prs.hr\/index.php?rest_route=\/wp\/v2\/pages\/2129\/revisions"}],"predecessor-version":[{"id":3379,"href":"https:\/\/gppg.prs.hr\/index.php?rest_route=\/wp\/v2\/pages\/2129\/revisions\/3379"}],"wp:attachment":[{"href":"https:\/\/gppg.prs.hr\/index.php?rest_route=%2Fwp%2Fv2%2Fmedia&parent=2129"}],"curies":[{"name":"wp","href":"https:\/\/api.w.org\/{rel}","templated":true}]}}