{"id":55,"date":"2018-11-21T21:53:37","date_gmt":"2018-11-21T21:53:37","guid":{"rendered":"https:\/\/gppg.prs.hr\/?page_id=55"},"modified":"2018-12-15T20:01:03","modified_gmt":"2018-12-15T20:01:03","slug":"institut-za-drustvena-istrazivanja-u-zagrebu","status":"publish","type":"page","link":"https:\/\/gppg.prs.hr\/?page_id=55","title":{"rendered":"Institut za dru\u0161tvena istra\u017eivanja u Zagrebu"},"content":{"rendered":"<div class=\"nicepage-container\"><div class=\"\" style=\"\" >        <script>\n            (function ($) {\n                var ResponsiveCms = window.ResponsiveCms;\n                if (!ResponsiveCms) {\n                    return;\n                }\n                ResponsiveCms.contentDom = $('script:last').parent();\n                ResponsiveCms.prevMode = \"XL\";\n\n                if (typeof ResponsiveCms.recalcClasses === 'function') {\n                    ResponsiveCms.recalcClasses();\n                }\n            })(jQuery);\n        <\/script>\n        \n    <section class=\"u-clearfix u-section-1\" id=\"sec-4386\"><div class=\"u-clearfix u-sheet u-sheet-1\">\n            <p class=\"u-align-justify u-text u-text-1\"><b>Institut\nza dru\u0161tvena istra\u017eivanja u Zagrebu<\/b>\n                <b>&nbsp;<\/b>&nbsp;<br><br>Institut za dru\u0161tvena istra\u017eivanja u Zagrebu (IDIZ) javna je neprofitna znanstveno-istra\u017eiva\u010dka organizacija osnovana na poticaj Sveu\u010dili\u0161ta u Zagrebu 1964. s ciljem provo\u0111enja temeljnih i primijenjenih znanstvenih\n                istra\u017eivanja iz podru\u010dja sociologije i srodnih disciplina.&nbsp;<br>Na\u0161a je misija sustavno, longitudinalno i interdisciplinarno provo\u0111enje dru\u0161tveno zna\u010dajnih, temeljnih i primijenjenih znanstvenih istra\u017eivanja razli\u010ditih aspekata hrvatskoga dru\u0161tva\n                primjenom kvantitativnih i kvalitativnih metoda. Teme na\u0161ih istra\u017eivanja uklju\u010duju: dru\u0161tvene strukture, urbanu\/ruralnu sociologiju, mlade, obrazovanje, znanost, religiju, odr\u017eivi razvoj te rodne i dru\u0161tvene nejednakosti. IDIZ-u je 2012.\n                godine dodijeljeno slu\u017ebeno priznanje Europske komisije&nbsp; \u201cHR Excellence in Research\u201c.&nbsp;<br>Unutar Instituta djeluju 4 znanstvenoistra\u017eiva\u010dka centra: Centar za istra\u017eivanje i razvoj obrazovanja (CIRO), Centar za istra\u017eivanje dru\u0161tvenih\n                nejednakosti i odr\u017eivosti (CIDNO), Centar za omladinska i rodna istra\u017eivanja (CORI) i Centar za istra\u017eivanje znanosti i prostora (CIZIP). Suradnice\/i Centra za omladinska i rodna istra\u017eivanja (CORI) pri Institutu posjeduju ekspertizu u\n                provo\u0111enju kvalitativnih i kvantitativnih istra\u017eivanja s temom rodne (ne)ravnopravnosti, obitelji i promjena u rodnim ulogama, maj\u010dinstva, kvalitete \u017eivota, dru\u0161tvenih nejednakosti, dru\u0161tvene strukture i tr\u017ei\u0161ta rada. Posljednjih su godina\n                radile\/i na nizu projekata u kojima su istra\u017eivane rodne razlike na tr\u017ei\u0161tu rada i re\u017eimi pomirenja privatnog i radnog \u017eivota. Osim toga, suradnice\/i CORI-ja radile\/i su i na jo\u0161 desetak projekata u podru\u010dju istra\u017eivanja roda, mladih i\n                tr\u017ei\u0161ta rada.<br><br><a href=\"http:\/\/www.idi.hr\" target=\"_blank\">www.idi.hr<\/a><br><\/p><img decoding=\"async\" src=\"https:\/\/gppg.prs.hr\/wp-content\/uploads\/2018\/11\/IDIZ_tekst-300x111.png\" alt=\"\" class=\"u-image u-image-default u-image-1\" data-image-width=\"300\" data-image-height=\"111\"><\/div><\/section>\n<\/div><\/div>","protected":false},"excerpt":{"rendered":"<p>Institut za dru\u0161tvena istra\u017eivanja u Zagrebu &nbsp;&nbsp;Institut za dru\u0161tvena istra\u017eivanja u Zagrebu (IDIZ) javna je neprofitna znanstveno-istra\u017eiva\u010dka organizacija osnovana na poticaj Sveu\u010dili\u0161ta u Zagrebu 1964. s ciljem provo\u0111enja temeljnih i primijenjenih znanstvenih istra\u017eivanja iz podru\u010dja sociologije i srodnih disciplina.&nbsp;Na\u0161a je misija sustavno, longitudinalno i interdisciplinarno provo\u0111enje dru\u0161tveno zna\u010dajnih, temeljnih i primijenjenih znanstvenih istra\u017eivanja razli\u010ditih aspekata &hellip; <a href=\"https:\/\/gppg.prs.hr\/?page_id=55\" class=\"more-link\">Continue reading<span class=\"screen-reader-text\"> &#8220;Institut za dru\u0161tvena istra\u017eivanja u Zagrebu&#8221;<\/span><\/a><\/p>\n","protected":false},"author":2,"featured_media":0,"parent":2281,"menu_order":1,"comment_status":"closed","ping_status":"closed","template":"","meta":{"footnotes":""},"class_list":["post-55","page","type-page","status-publish","hentry"],"_links":{"self":[{"href":"https:\/\/gppg.prs.hr\/index.php?rest_route=\/wp\/v2\/pages\/55","targetHints":{"allow":["GET"]}}],"collection":[{"href":"https:\/\/gppg.prs.hr\/index.php?rest_route=\/wp\/v2\/pages"}],"about":[{"href":"https:\/\/gppg.prs.hr\/index.php?rest_route=\/wp\/v2\/types\/page"}],"author":[{"embeddable":true,"href":"https:\/\/gppg.prs.hr\/index.php?rest_route=\/wp\/v2\/users\/2"}],"replies":[{"embeddable":true,"href":"https:\/\/gppg.prs.hr\/index.php?rest_route=%2Fwp%2Fv2%2Fcomments&post=55"}],"version-history":[{"count":1,"href":"https:\/\/gppg.prs.hr\/index.php?rest_route=\/wp\/v2\/pages\/55\/revisions"}],"predecessor-version":[{"id":2316,"href":"https:\/\/gppg.prs.hr\/index.php?rest_route=\/wp\/v2\/pages\/55\/revisions\/2316"}],"up":[{"embeddable":true,"href":"https:\/\/gppg.prs.hr\/index.php?rest_route=\/wp\/v2\/pages\/2281"}],"wp:attachment":[{"href":"https:\/\/gppg.prs.hr\/index.php?rest_route=%2Fwp%2Fv2%2Fmedia&parent=55"}],"curies":[{"name":"wp","href":"https:\/\/api.w.org\/{rel}","templated":true}]}}