{"id":59,"date":"2018-11-21T21:54:21","date_gmt":"2018-11-21T21:54:21","guid":{"rendered":"https:\/\/gppg.prs.hr\/?page_id=59"},"modified":"2018-12-15T20:01:24","modified_gmt":"2018-12-15T20:01:24","slug":"sindikat-umirovljenika-hrvatske","status":"publish","type":"page","link":"https:\/\/gppg.prs.hr\/?page_id=59","title":{"rendered":"Sindikat umirovljenika Hrvatske"},"content":{"rendered":"<div class=\"nicepage-container\"><div class=\"\" style=\"\" >        <script>\n            (function ($) {\n                var ResponsiveCms = window.ResponsiveCms;\n                if (!ResponsiveCms) {\n                    return;\n                }\n                ResponsiveCms.contentDom = $('script:last').parent();\n                ResponsiveCms.prevMode = \"XL\";\n\n                if (typeof ResponsiveCms.recalcClasses === 'function') {\n                    ResponsiveCms.recalcClasses();\n                }\n            })(jQuery);\n        <\/script>\n        \n    <section class=\"u-clearfix u-section-1\" id=\"sec-c169\"><div class=\"u-clearfix u-sheet u-sheet-1\">\n            <p class=\"u-align-justify u-text u-text-1\"><b>Sindikat umirovljenika Hrvatske<\/b><br><br>Sindikat umirovljenika Hrvatske (SUH) je dobrovoljna, nestrana\u010dka, humanitarna udruga civilnog dru\u0161tva hrvatskih umirovljenika\/ca, koja se sindikalnim oblicima djelovanja bori za ostvarenje socijalnih,\n                ekonomskih i gra\u0111anskih prava umirovljenika\/ca i starijih osoba. Osnovan je 18. kolovoza 1992. godine, a od 1995. izdaje mjese\u010dnik \u201eGlas umirovljenika\u201c te ve\u0107 petnaestak godina ima registrirano pravno i psiholo\u0161ko savjetovali\u0161te.<br>Od 1993.\n                godine punopravno je udru\u017een u Savez samostalnih sindikata Hrvatske, a od 2004. godine \u010dlan je FERPA\/Europske federacije umirovljenika\/ca i starijih osoba te je vrlo aktivan u njezinu djelovanju. Od svojih po\u010detaka, SUH se zala\u017ee za jednakopravnost\n                izme\u0111u \u017eena i mu\u0161karaca, a i u svojem Statutu zagovara rodnu kvotu od najmanje 40% za svaki od spolova.&nbsp;<br>Aktivno je sudjelovao u raspravama i inicijativama po pitanju rodnog jaza u pla\u0107ama i mirovinama, u suradnji sa \u017eenskim sindikalnim\n                grupama, \u017denskom mre\u017eom i CESI-jem. U pregovorima o mirovinskim reformama kroz Nacionalno vije\u0107e za umirovljenike\/ce i starije osobe SUH je posebno zagovarao unapre\u0111enje polo\u017eaja umirovljenih \u017eena, te njihovu za\u0161titu od siroma\u0161tva.&nbsp;<br>SUH\n                je \u010desto pozivao nadle\u017ene vlasti da raznim mjerama pomognu \u017eenama koje zbog neuravnote\u017eene podjele odgovornosti \u017eena i mu\u0161karaca za skrb te ni\u017eih pla\u0107a imaju i do 25 posto ni\u017ee mirovine, a \u0161to se posebice odra\u017eava na pogor\u0161anu ekonomsku\n                neovisnost \u017eena koju one najvi\u0161e osjete u starosti. SUH se posebno anga\u017eira za promjenu na\u010dina izra\u010duna mirovina s ciljem priznavanja nepla\u0107enog rada \u017eena vezanog za djecu, obitelj i ku\u0107anstvo, te novog modela obiteljskih mirovina.<br><br>\n                <a href=\"http:\/\/www.suh.hr\" target=\"_blank\">www.suh.hr<\/a><br><\/p><img decoding=\"async\" src=\"https:\/\/gppg.prs.hr\/wp-content\/uploads\/2018\/11\/SUH.jpg\" alt=\"\" class=\"u-image u-image-default u-image-1\" data-image-width=\"224\" data-image-height=\"225\"><\/div><\/section>\n<\/div><\/div>","protected":false},"excerpt":{"rendered":"<p>Sindikat umirovljenika HrvatskeSindikat umirovljenika Hrvatske (SUH) je dobrovoljna, nestrana\u010dka, humanitarna udruga civilnog dru\u0161tva hrvatskih umirovljenika\/ca, koja se sindikalnim oblicima djelovanja bori za ostvarenje socijalnih, ekonomskih i gra\u0111anskih prava umirovljenika\/ca i starijih osoba. Osnovan je 18. kolovoza 1992. godine, a od 1995. izdaje mjese\u010dnik \u201eGlas umirovljenika\u201c te ve\u0107 petnaestak godina ima registrirano pravno i psiholo\u0161ko savjetovali\u0161te.Od &hellip; <a href=\"https:\/\/gppg.prs.hr\/?page_id=59\" class=\"more-link\">Continue reading<span class=\"screen-reader-text\"> &#8220;Sindikat umirovljenika Hrvatske&#8221;<\/span><\/a><\/p>\n","protected":false},"author":2,"featured_media":0,"parent":2281,"menu_order":3,"comment_status":"closed","ping_status":"closed","template":"","meta":{"footnotes":""},"class_list":["post-59","page","type-page","status-publish","hentry"],"_links":{"self":[{"href":"https:\/\/gppg.prs.hr\/index.php?rest_route=\/wp\/v2\/pages\/59","targetHints":{"allow":["GET"]}}],"collection":[{"href":"https:\/\/gppg.prs.hr\/index.php?rest_route=\/wp\/v2\/pages"}],"about":[{"href":"https:\/\/gppg.prs.hr\/index.php?rest_route=\/wp\/v2\/types\/page"}],"author":[{"embeddable":true,"href":"https:\/\/gppg.prs.hr\/index.php?rest_route=\/wp\/v2\/users\/2"}],"replies":[{"embeddable":true,"href":"https:\/\/gppg.prs.hr\/index.php?rest_route=%2Fwp%2Fv2%2Fcomments&post=59"}],"version-history":[{"count":1,"href":"https:\/\/gppg.prs.hr\/index.php?rest_route=\/wp\/v2\/pages\/59\/revisions"}],"predecessor-version":[{"id":2318,"href":"https:\/\/gppg.prs.hr\/index.php?rest_route=\/wp\/v2\/pages\/59\/revisions\/2318"}],"up":[{"embeddable":true,"href":"https:\/\/gppg.prs.hr\/index.php?rest_route=\/wp\/v2\/pages\/2281"}],"wp:attachment":[{"href":"https:\/\/gppg.prs.hr\/index.php?rest_route=%2Fwp%2Fv2%2Fmedia&parent=59"}],"curies":[{"name":"wp","href":"https:\/\/api.w.org\/{rel}","templated":true}]}}